{"id":9770,"date":"2025-02-01T12:15:13","date_gmt":"2025-02-01T11:15:13","guid":{"rendered":"https:\/\/christliche-mitte.de\/?post_type=product&#038;p=9770"},"modified":"2025-02-01T12:16:09","modified_gmt":"2025-02-01T11:16:09","slug":"heilige-berufung","status":"publish","type":"product","link":"https:\/\/christliche-mitte.de\/index.php\/produkt\/heilige-berufung\/","title":{"rendered":"Heilige Berufung"},"content":{"rendered":"<p>Die niederen und h\u00f6heren Weihen nach der \u00fcberlieferten Form in ihren Riten erkl\u00e4rt<\/p>\n<p>&nbsp;<\/p>\n","protected":false},"excerpt":{"rendered":"<p>Die niederen und h\u00f6heren Weihen nach der \u00fcberlieferten Form in ihren Riten erkl\u00e4rt &nbsp;<\/p>\n","protected":false},"featured_media":9767,"template":"","meta":[],"product_brand":[],"product_cat":[410],"product_tag":[],"class_list":{"0":"post-9770","1":"product","2":"type-product","3":"status-publish","4":"has-post-thumbnail","6":"product_cat-liturgie","7":"entry","9":"first","10":"instock","11":"shipping-taxable","12":"purchasable","13":"product-type-simple","14":"berocket_lgv_grid","15":"berocket_lgv_list_grid"},"_links":{"self":[{"href":"https:\/\/christliche-mitte.de\/index.php\/wp-json\/wp\/v2\/product\/9770","targetHints":{"allow":["GET"]}}],"collection":[{"href":"https:\/\/christliche-mitte.de\/index.php\/wp-json\/wp\/v2\/product"}],"about":[{"href":"https:\/\/christliche-mitte.de\/index.php\/wp-json\/wp\/v2\/types\/product"}],"wp:featuredmedia":[{"embeddable":true,"href":"https:\/\/christliche-mitte.de\/index.php\/wp-json\/wp\/v2\/media\/9767"}],"wp:attachment":[{"href":"https:\/\/christliche-mitte.de\/index.php\/wp-json\/wp\/v2\/media?parent=9770"}],"wp:term":[{"taxonomy":"product_brand","embeddable":true,"href":"https:\/\/christliche-mitte.de\/index.php\/wp-json\/wp\/v2\/product_brand?post=9770"},{"taxonomy":"product_cat","embeddable":true,"href":"https:\/\/christliche-mitte.de\/index.php\/wp-json\/wp\/v2\/product_cat?post=9770"},{"taxonomy":"product_tag","embeddable":true,"href":"https:\/\/christliche-mitte.de\/index.php\/wp-json\/wp\/v2\/product_tag?post=9770"}],"curies":[{"name":"wp","href":"https:\/\/api.w.org\/{rel}","templated":true}]}}