{"id":9755,"date":"2025-01-28T20:44:00","date_gmt":"2025-01-28T19:44:00","guid":{"rendered":"https:\/\/christliche-mitte.de\/?post_type=product&#038;p=9755"},"modified":"2025-01-28T20:44:35","modified_gmt":"2025-01-28T19:44:35","slug":"die-101-schoensten-bastelideen-fuer-kinder","status":"publish","type":"product","link":"https:\/\/christliche-mitte.de\/index.php\/produkt\/die-101-schoensten-bastelideen-fuer-kinder\/","title":{"rendered":"Die 101 sch\u00f6nsten Bastelideen f\u00fcr Kinder"},"content":{"rendered":"<p>Witzige und einfache Ideen f\u00fcr Kids<\/p>\n","protected":false},"excerpt":{"rendered":"<p>Witzige und einfache Ideen f\u00fcr Kids<\/p>\n","protected":false},"featured_media":9749,"template":"","meta":[],"product_brand":[],"product_cat":[393],"product_tag":[],"class_list":{"0":"post-9755","1":"product","2":"type-product","3":"status-publish","4":"has-post-thumbnail","6":"product_cat-kinderbuecher","7":"entry","9":"first","10":"instock","11":"shipping-taxable","12":"purchasable","13":"product-type-simple","14":"berocket_lgv_grid","15":"berocket_lgv_list_grid"},"_links":{"self":[{"href":"https:\/\/christliche-mitte.de\/index.php\/wp-json\/wp\/v2\/product\/9755","targetHints":{"allow":["GET"]}}],"collection":[{"href":"https:\/\/christliche-mitte.de\/index.php\/wp-json\/wp\/v2\/product"}],"about":[{"href":"https:\/\/christliche-mitte.de\/index.php\/wp-json\/wp\/v2\/types\/product"}],"wp:featuredmedia":[{"embeddable":true,"href":"https:\/\/christliche-mitte.de\/index.php\/wp-json\/wp\/v2\/media\/9749"}],"wp:attachment":[{"href":"https:\/\/christliche-mitte.de\/index.php\/wp-json\/wp\/v2\/media?parent=9755"}],"wp:term":[{"taxonomy":"product_brand","embeddable":true,"href":"https:\/\/christliche-mitte.de\/index.php\/wp-json\/wp\/v2\/product_brand?post=9755"},{"taxonomy":"product_cat","embeddable":true,"href":"https:\/\/christliche-mitte.de\/index.php\/wp-json\/wp\/v2\/product_cat?post=9755"},{"taxonomy":"product_tag","embeddable":true,"href":"https:\/\/christliche-mitte.de\/index.php\/wp-json\/wp\/v2\/product_tag?post=9755"}],"curies":[{"name":"wp","href":"https:\/\/api.w.org\/{rel}","templated":true}]}}