{"id":9440,"date":"2024-09-28T11:05:47","date_gmt":"2024-09-28T09:05:47","guid":{"rendered":"https:\/\/christliche-mitte.de\/?post_type=product&#038;p=9440"},"modified":"2024-09-28T11:06:06","modified_gmt":"2024-09-28T09:06:06","slug":"nachfolge-christi","status":"publish","type":"product","link":"https:\/\/christliche-mitte.de\/index.php\/produkt\/nachfolge-christi\/","title":{"rendered":"Nachfolge Christi"},"content":{"rendered":"<p>Gnosis, Aufkl\u00e4rung, New Age &#8211; Hintergr\u00fcnde der gegenw\u00e4rtigen Kirchenkrise<\/p>\n<p>&nbsp;<\/p>\n","protected":false},"excerpt":{"rendered":"<p>Gnosis, Aufkl\u00e4rung, New Age &#8211; Hintergr\u00fcnde der gegenw\u00e4rtigen Kirchenkrise &nbsp;<\/p>\n","protected":false},"featured_media":9423,"template":"","meta":[],"product_brand":[],"product_cat":[396],"product_tag":[],"class_list":{"0":"post-9440","1":"product","2":"type-product","3":"status-publish","4":"has-post-thumbnail","6":"product_cat-kirchen-krise","7":"entry","9":"first","10":"instock","11":"shipping-taxable","12":"purchasable","13":"product-type-simple","14":"berocket_lgv_grid","15":"berocket_lgv_list_grid"},"_links":{"self":[{"href":"https:\/\/christliche-mitte.de\/index.php\/wp-json\/wp\/v2\/product\/9440","targetHints":{"allow":["GET"]}}],"collection":[{"href":"https:\/\/christliche-mitte.de\/index.php\/wp-json\/wp\/v2\/product"}],"about":[{"href":"https:\/\/christliche-mitte.de\/index.php\/wp-json\/wp\/v2\/types\/product"}],"wp:featuredmedia":[{"embeddable":true,"href":"https:\/\/christliche-mitte.de\/index.php\/wp-json\/wp\/v2\/media\/9423"}],"wp:attachment":[{"href":"https:\/\/christliche-mitte.de\/index.php\/wp-json\/wp\/v2\/media?parent=9440"}],"wp:term":[{"taxonomy":"product_brand","embeddable":true,"href":"https:\/\/christliche-mitte.de\/index.php\/wp-json\/wp\/v2\/product_brand?post=9440"},{"taxonomy":"product_cat","embeddable":true,"href":"https:\/\/christliche-mitte.de\/index.php\/wp-json\/wp\/v2\/product_cat?post=9440"},{"taxonomy":"product_tag","embeddable":true,"href":"https:\/\/christliche-mitte.de\/index.php\/wp-json\/wp\/v2\/product_tag?post=9440"}],"curies":[{"name":"wp","href":"https:\/\/api.w.org\/{rel}","templated":true}]}}