{"id":9434,"date":"2024-09-28T10:57:08","date_gmt":"2024-09-28T08:57:08","guid":{"rendered":"https:\/\/christliche-mitte.de\/?post_type=product&#038;p=9434"},"modified":"2024-09-28T10:58:14","modified_gmt":"2024-09-28T08:58:14","slug":"der-katholik","status":"publish","type":"product","link":"https:\/\/christliche-mitte.de\/index.php\/produkt\/der-katholik\/","title":{"rendered":"Der Katholik"},"content":{"rendered":"<p>Seine religi\u00f6se und kulturelle Identit\u00e4t und deren Gef\u00e4hrdung<\/p>\n<p>Autor: Heinz-Lothar Barth<\/p>\n","protected":false},"excerpt":{"rendered":"<p>Seine religi\u00f6se und kulturelle Identit\u00e4t und deren Gef\u00e4hrdung Autor: Heinz-Lothar Barth<\/p>\n","protected":false},"featured_media":9428,"template":"","meta":[],"product_brand":[],"product_cat":[396],"product_tag":[],"class_list":{"0":"post-9434","1":"product","2":"type-product","3":"status-publish","4":"has-post-thumbnail","6":"product_cat-kirchen-krise","7":"entry","9":"first","10":"instock","11":"shipping-taxable","12":"purchasable","13":"product-type-simple","14":"berocket_lgv_grid","15":"berocket_lgv_list_grid"},"_links":{"self":[{"href":"https:\/\/christliche-mitte.de\/index.php\/wp-json\/wp\/v2\/product\/9434","targetHints":{"allow":["GET"]}}],"collection":[{"href":"https:\/\/christliche-mitte.de\/index.php\/wp-json\/wp\/v2\/product"}],"about":[{"href":"https:\/\/christliche-mitte.de\/index.php\/wp-json\/wp\/v2\/types\/product"}],"wp:featuredmedia":[{"embeddable":true,"href":"https:\/\/christliche-mitte.de\/index.php\/wp-json\/wp\/v2\/media\/9428"}],"wp:attachment":[{"href":"https:\/\/christliche-mitte.de\/index.php\/wp-json\/wp\/v2\/media?parent=9434"}],"wp:term":[{"taxonomy":"product_brand","embeddable":true,"href":"https:\/\/christliche-mitte.de\/index.php\/wp-json\/wp\/v2\/product_brand?post=9434"},{"taxonomy":"product_cat","embeddable":true,"href":"https:\/\/christliche-mitte.de\/index.php\/wp-json\/wp\/v2\/product_cat?post=9434"},{"taxonomy":"product_tag","embeddable":true,"href":"https:\/\/christliche-mitte.de\/index.php\/wp-json\/wp\/v2\/product_tag?post=9434"}],"curies":[{"name":"wp","href":"https:\/\/api.w.org\/{rel}","templated":true}]}}