{"id":9113,"date":"2024-05-15T22:10:09","date_gmt":"2024-05-15T20:10:09","guid":{"rendered":"https:\/\/christliche-mitte.de\/?post_type=product&#038;p=9113"},"modified":"2024-09-13T17:32:58","modified_gmt":"2024-09-13T15:32:58","slug":"buchpaket-schuelerhilfe-uebungsbuecher","status":"publish","type":"product","link":"https:\/\/christliche-mitte.de\/index.php\/produkt\/buchpaket-schuelerhilfe-uebungsbuecher\/","title":{"rendered":"Buchpaket Sch\u00fclerhilfe \u00dcbungsb\u00fccher"},"content":{"rendered":"<p>3 Kinderb\u00fccher<\/p>\n","protected":false},"excerpt":{"rendered":"<p>3 Kinderb\u00fccher<\/p>\n","protected":false},"featured_media":9108,"template":"","meta":[],"product_brand":[],"product_cat":[393],"product_tag":[],"class_list":{"0":"post-9113","1":"product","2":"type-product","3":"status-publish","4":"has-post-thumbnail","6":"product_cat-kinderbuecher","7":"entry","9":"first","10":"outofstock","11":"shipping-taxable","12":"purchasable","13":"product-type-simple","14":"berocket_lgv_grid","15":"berocket_lgv_list_grid"},"_links":{"self":[{"href":"https:\/\/christliche-mitte.de\/index.php\/wp-json\/wp\/v2\/product\/9113","targetHints":{"allow":["GET"]}}],"collection":[{"href":"https:\/\/christliche-mitte.de\/index.php\/wp-json\/wp\/v2\/product"}],"about":[{"href":"https:\/\/christliche-mitte.de\/index.php\/wp-json\/wp\/v2\/types\/product"}],"wp:featuredmedia":[{"embeddable":true,"href":"https:\/\/christliche-mitte.de\/index.php\/wp-json\/wp\/v2\/media\/9108"}],"wp:attachment":[{"href":"https:\/\/christliche-mitte.de\/index.php\/wp-json\/wp\/v2\/media?parent=9113"}],"wp:term":[{"taxonomy":"product_brand","embeddable":true,"href":"https:\/\/christliche-mitte.de\/index.php\/wp-json\/wp\/v2\/product_brand?post=9113"},{"taxonomy":"product_cat","embeddable":true,"href":"https:\/\/christliche-mitte.de\/index.php\/wp-json\/wp\/v2\/product_cat?post=9113"},{"taxonomy":"product_tag","embeddable":true,"href":"https:\/\/christliche-mitte.de\/index.php\/wp-json\/wp\/v2\/product_tag?post=9113"}],"curies":[{"name":"wp","href":"https:\/\/api.w.org\/{rel}","templated":true}]}}