{"id":886,"date":"2018-01-28T23:39:13","date_gmt":"2018-01-28T21:39:13","guid":{"rendered":"https:\/\/christliche-mitte.de\/?post_type=product&#038;p=886"},"modified":"2022-09-16T12:38:38","modified_gmt":"2022-09-16T10:38:38","slug":"die-treue-2","status":"publish","type":"product","link":"https:\/\/christliche-mitte.de\/index.php\/produkt\/die-treue-2\/","title":{"rendered":"Die Treue &#8211; Deutschlands Wesen"},"content":{"rendered":"<p>Deutschlands Wesen und Ehre<\/p>\n<p>Ein Pl\u00e4doyer f\u00fcr Deutschland<\/p>\n<p>Das Wort &#8222;Treue&#8220; ist fast vollst\u00e4ndig aus dem Sprachgebrauch verschwunden. Aber es mu\u00df zur\u00fcckgewonnen werden, denn es ist das deutsche Ur-Wort. (123 S.)<\/p>\n","protected":false},"excerpt":{"rendered":"<p>Deutschlands Wesen und Ehre Ein Pl\u00e4doyer f\u00fcr Deutschland Das Wort &#8222;Treue&#8220; ist fast vollst\u00e4ndig aus dem Sprachgebrauch verschwunden. Aber es mu\u00df zur\u00fcckgewonnen werden, denn es ist das deutsche Ur-Wort. (123 S.)<\/p>\n","protected":false},"featured_media":1312,"template":"","meta":[],"product_brand":[],"product_cat":[377,137],"product_tag":[],"class_list":{"0":"post-886","1":"product","2":"type-product","3":"status-publish","4":"has-post-thumbnail","6":"product_cat-cm-publikationen","7":"product_cat-geschichte","8":"entry","10":"first","11":"instock","12":"shipping-taxable","13":"purchasable","14":"product-type-simple","15":"berocket_lgv_grid","16":"berocket_lgv_list_grid"},"_links":{"self":[{"href":"https:\/\/christliche-mitte.de\/index.php\/wp-json\/wp\/v2\/product\/886","targetHints":{"allow":["GET"]}}],"collection":[{"href":"https:\/\/christliche-mitte.de\/index.php\/wp-json\/wp\/v2\/product"}],"about":[{"href":"https:\/\/christliche-mitte.de\/index.php\/wp-json\/wp\/v2\/types\/product"}],"wp:featuredmedia":[{"embeddable":true,"href":"https:\/\/christliche-mitte.de\/index.php\/wp-json\/wp\/v2\/media\/1312"}],"wp:attachment":[{"href":"https:\/\/christliche-mitte.de\/index.php\/wp-json\/wp\/v2\/media?parent=886"}],"wp:term":[{"taxonomy":"product_brand","embeddable":true,"href":"https:\/\/christliche-mitte.de\/index.php\/wp-json\/wp\/v2\/product_brand?post=886"},{"taxonomy":"product_cat","embeddable":true,"href":"https:\/\/christliche-mitte.de\/index.php\/wp-json\/wp\/v2\/product_cat?post=886"},{"taxonomy":"product_tag","embeddable":true,"href":"https:\/\/christliche-mitte.de\/index.php\/wp-json\/wp\/v2\/product_tag?post=886"}],"curies":[{"name":"wp","href":"https:\/\/api.w.org\/{rel}","templated":true}]}}