{"id":883,"date":"2018-01-28T23:32:53","date_gmt":"2018-01-28T21:32:53","guid":{"rendered":"https:\/\/christliche-mitte.de\/?post_type=product&#038;p=883"},"modified":"2022-09-16T12:38:39","modified_gmt":"2022-09-16T10:38:39","slug":"wilde-jahre-eines-missionars","status":"publish","type":"product","link":"https:\/\/christliche-mitte.de\/index.php\/produkt\/wilde-jahre-eines-missionars\/","title":{"rendered":"Wilde Jahre eines Missionars"},"content":{"rendered":"<p><strong>Das abenteuerliche Leben eines der gr\u00f6\u00dften M\u00e4nner aller Jahrhunderte<\/strong><\/p>\n<p>Dieses Buch erz\u00e4hlt &#8211; zuvor interessante Pietrek und Siegerist-Berichte &#8211; den ersch\u00fctternden Weg vom Christenverfolger Saulus zum Apostel Paulus. GOTT dreht ihn um. Unter wselchen Strapazen und Gefahren Paulus den Christusglauben weitertr\u00e4gt, ist zu wenig bekannt. Der Missionat Paulus, der von etwa 5 bis 68 n. Chr. lebt, reibt sich auf. Er schreibt oder diktiert ein Drittel des Neues Testamentes. Als konvertierter Jude wirkt er entscheident mit, erste Christengemeinden in Kleinasien und Europa zu gr\u00fcnden. Um das Jahr 100 z\u00e4hlt die Christenheit bereits 300.000 Mitglieder, heute mehr als zwei Milliarden. Die meisten Gemeinden des Paulus fallen sp\u00e4ter Christenverfolgungen zum Opfer. Die durch ihn verk\u00fcndete Botschaft aber breitet sich weltweit aus.<\/p>\n","protected":false},"excerpt":{"rendered":"<p>Das abenteuerliche Leben eines der gr\u00f6\u00dften M\u00e4nner aller Jahrhunderte Dieses Buch erz\u00e4hlt &#8211; zuvor interessante Pietrek und Siegerist-Berichte &#8211; den ersch\u00fctternden Weg vom Christenverfolger Saulus zum Apostel Paulus. GOTT dreht ihn um. Unter wselchen Strapazen und Gefahren Paulus den Christusglauben weitertr\u00e4gt, ist zu wenig bekannt. Der Missionat Paulus, der von etwa 5 bis 68 n.&hellip;<\/p>\n","protected":false},"featured_media":1310,"template":"","meta":[],"product_brand":[],"product_cat":[377,137],"product_tag":[],"class_list":{"0":"post-883","1":"product","2":"type-product","3":"status-publish","4":"has-post-thumbnail","6":"product_cat-cm-publikationen","7":"product_cat-geschichte","8":"entry","10":"first","11":"instock","12":"shipping-taxable","13":"purchasable","14":"product-type-simple","15":"berocket_lgv_grid","16":"berocket_lgv_list_grid"},"_links":{"self":[{"href":"https:\/\/christliche-mitte.de\/index.php\/wp-json\/wp\/v2\/product\/883","targetHints":{"allow":["GET"]}}],"collection":[{"href":"https:\/\/christliche-mitte.de\/index.php\/wp-json\/wp\/v2\/product"}],"about":[{"href":"https:\/\/christliche-mitte.de\/index.php\/wp-json\/wp\/v2\/types\/product"}],"wp:featuredmedia":[{"embeddable":true,"href":"https:\/\/christliche-mitte.de\/index.php\/wp-json\/wp\/v2\/media\/1310"}],"wp:attachment":[{"href":"https:\/\/christliche-mitte.de\/index.php\/wp-json\/wp\/v2\/media?parent=883"}],"wp:term":[{"taxonomy":"product_brand","embeddable":true,"href":"https:\/\/christliche-mitte.de\/index.php\/wp-json\/wp\/v2\/product_brand?post=883"},{"taxonomy":"product_cat","embeddable":true,"href":"https:\/\/christliche-mitte.de\/index.php\/wp-json\/wp\/v2\/product_cat?post=883"},{"taxonomy":"product_tag","embeddable":true,"href":"https:\/\/christliche-mitte.de\/index.php\/wp-json\/wp\/v2\/product_tag?post=883"}],"curies":[{"name":"wp","href":"https:\/\/api.w.org\/{rel}","templated":true}]}}