{"id":878,"date":"2018-01-28T23:17:09","date_gmt":"2018-01-28T21:17:09","guid":{"rendered":"https:\/\/christliche-mitte.de\/?post_type=product&#038;p=878"},"modified":"2022-09-16T12:30:26","modified_gmt":"2022-09-16T10:30:26","slug":"die-reise-nach-jerusalem-2","status":"publish","type":"product","link":"https:\/\/christliche-mitte.de\/index.php\/produkt\/die-reise-nach-jerusalem-2\/","title":{"rendered":"Die Reise nach Jerusalem"},"content":{"rendered":"<p>Die umk\u00e4mpfte Stadt: Millionen in aller Welt schauen nach Jerusalem. Juden, Christen und Muslimen ist die Stadt heilig.<br \/>\nZwei Freunde auf Pilgerfahrt d\u00fcrfen zahlreiche aus der hl. Schrift bekannte Orte erleben und sich f\u00fcr das Leben JESU begeistern. Doch auch mit den vielen Konflikten im Heiligen Land m\u00fcssen Sie sich auseinandersetzen.<br \/>\nDaneben bietet das Buch 21 Kurzgeschichten von oft \u00fcbersehenen kleinen Ereignissen des Alltags und sucht, den Kern solcher Ereignisse \u2013 mit viel Ernst und viel Augenzwinkern \u2013 freizulegen.<\/p>\n","protected":false},"excerpt":{"rendered":"<p>Die umk\u00e4mpfte Stadt: Millionen in aller Welt schauen nach Jerusalem. Juden, Christen und Muslimen ist die Stadt heilig. Zwei Freunde auf Pilgerfahrt d\u00fcrfen zahlreiche aus der hl. Schrift bekannte Orte erleben und sich f\u00fcr das Leben JESU begeistern. Doch auch mit den vielen Konflikten im Heiligen Land m\u00fcssen Sie sich auseinandersetzen. Daneben bietet das Buch&hellip;<\/p>\n","protected":false},"featured_media":1308,"template":"","meta":[],"product_brand":[],"product_cat":[377,137],"product_tag":[],"class_list":{"0":"post-878","1":"product","2":"type-product","3":"status-publish","4":"has-post-thumbnail","6":"product_cat-cm-publikationen","7":"product_cat-geschichte","8":"entry","10":"first","11":"instock","12":"shipping-taxable","13":"purchasable","14":"product-type-simple","15":"berocket_lgv_grid","16":"berocket_lgv_list_grid"},"_links":{"self":[{"href":"https:\/\/christliche-mitte.de\/index.php\/wp-json\/wp\/v2\/product\/878","targetHints":{"allow":["GET"]}}],"collection":[{"href":"https:\/\/christliche-mitte.de\/index.php\/wp-json\/wp\/v2\/product"}],"about":[{"href":"https:\/\/christliche-mitte.de\/index.php\/wp-json\/wp\/v2\/types\/product"}],"wp:featuredmedia":[{"embeddable":true,"href":"https:\/\/christliche-mitte.de\/index.php\/wp-json\/wp\/v2\/media\/1308"}],"wp:attachment":[{"href":"https:\/\/christliche-mitte.de\/index.php\/wp-json\/wp\/v2\/media?parent=878"}],"wp:term":[{"taxonomy":"product_brand","embeddable":true,"href":"https:\/\/christliche-mitte.de\/index.php\/wp-json\/wp\/v2\/product_brand?post=878"},{"taxonomy":"product_cat","embeddable":true,"href":"https:\/\/christliche-mitte.de\/index.php\/wp-json\/wp\/v2\/product_cat?post=878"},{"taxonomy":"product_tag","embeddable":true,"href":"https:\/\/christliche-mitte.de\/index.php\/wp-json\/wp\/v2\/product_tag?post=878"}],"curies":[{"name":"wp","href":"https:\/\/api.w.org\/{rel}","templated":true}]}}