{"id":8735,"date":"2024-03-04T21:48:53","date_gmt":"2024-03-04T20:48:53","guid":{"rendered":"https:\/\/christliche-mitte.de\/?post_type=product&#038;p=8735"},"modified":"2024-08-01T13:06:40","modified_gmt":"2024-08-01T11:06:40","slug":"broschuere-die-gruenen","status":"publish","type":"product","link":"https:\/\/christliche-mitte.de\/index.php\/produkt\/broschuere-die-gruenen\/","title":{"rendered":"Brosch\u00fcre Die Gr\u00fcnen"},"content":{"rendered":"<p>Rote W\u00f6lfe im gr\u00fcnen Schafspelz<\/p>\n<p>Autor: Peter Helmes<\/p>\n","protected":false},"excerpt":{"rendered":"<p>Rote W\u00f6lfe im gr\u00fcnen Schafspelz Autor: Peter Helmes<\/p>\n","protected":false},"featured_media":8732,"template":"","meta":[],"product_brand":[],"product_cat":[376],"product_tag":[],"class_list":{"0":"post-8735","1":"product","2":"type-product","3":"status-publish","4":"has-post-thumbnail","6":"product_cat-antiquariat","7":"entry","9":"first","10":"outofstock","11":"shipping-taxable","12":"purchasable","13":"product-type-simple","14":"berocket_lgv_grid","15":"berocket_lgv_list_grid"},"_links":{"self":[{"href":"https:\/\/christliche-mitte.de\/index.php\/wp-json\/wp\/v2\/product\/8735","targetHints":{"allow":["GET"]}}],"collection":[{"href":"https:\/\/christliche-mitte.de\/index.php\/wp-json\/wp\/v2\/product"}],"about":[{"href":"https:\/\/christliche-mitte.de\/index.php\/wp-json\/wp\/v2\/types\/product"}],"wp:featuredmedia":[{"embeddable":true,"href":"https:\/\/christliche-mitte.de\/index.php\/wp-json\/wp\/v2\/media\/8732"}],"wp:attachment":[{"href":"https:\/\/christliche-mitte.de\/index.php\/wp-json\/wp\/v2\/media?parent=8735"}],"wp:term":[{"taxonomy":"product_brand","embeddable":true,"href":"https:\/\/christliche-mitte.de\/index.php\/wp-json\/wp\/v2\/product_brand?post=8735"},{"taxonomy":"product_cat","embeddable":true,"href":"https:\/\/christliche-mitte.de\/index.php\/wp-json\/wp\/v2\/product_cat?post=8735"},{"taxonomy":"product_tag","embeddable":true,"href":"https:\/\/christliche-mitte.de\/index.php\/wp-json\/wp\/v2\/product_tag?post=8735"}],"curies":[{"name":"wp","href":"https:\/\/api.w.org\/{rel}","templated":true}]}}