{"id":6391,"date":"2022-04-27T20:17:44","date_gmt":"2022-04-27T18:17:44","guid":{"rendered":"https:\/\/christliche-mitte.de\/?post_type=product&#038;p=6391"},"modified":"2022-07-30T09:48:45","modified_gmt":"2022-07-30T07:48:45","slug":"kirchlicher-einsatz-fuer-verfolgte-juden-im-dritten-reich","status":"publish","type":"product","link":"https:\/\/christliche-mitte.de\/index.php\/produkt\/kirchlicher-einsatz-fuer-verfolgte-juden-im-dritten-reich\/","title":{"rendered":"Kirchlicher Einsatz f\u00fcr verfolgte Juden im Dritten Reich"},"content":{"rendered":"<p>Erzbisch\u00f6fliche Hilfsstelle f\u00fcr nichtarische Katholiken<\/p>\n<p>Bearbeitet und erg\u00e4nzt von Pater Lothar Groppe<\/p>\n","protected":false},"excerpt":{"rendered":"<p>Erzbisch\u00f6fliche Hilfsstelle f\u00fcr nichtarische Katholiken Bearbeitet und erg\u00e4nzt von Pater Lothar Groppe<\/p>\n","protected":false},"featured_media":6378,"template":"","meta":[],"product_brand":[],"product_cat":[376],"product_tag":[],"class_list":{"0":"post-6391","1":"product","2":"type-product","3":"status-publish","4":"has-post-thumbnail","6":"product_cat-antiquariat","7":"entry","9":"first","10":"outofstock","11":"shipping-taxable","12":"purchasable","13":"product-type-simple","14":"berocket_lgv_grid","15":"berocket_lgv_list_grid"},"_links":{"self":[{"href":"https:\/\/christliche-mitte.de\/index.php\/wp-json\/wp\/v2\/product\/6391","targetHints":{"allow":["GET"]}}],"collection":[{"href":"https:\/\/christliche-mitte.de\/index.php\/wp-json\/wp\/v2\/product"}],"about":[{"href":"https:\/\/christliche-mitte.de\/index.php\/wp-json\/wp\/v2\/types\/product"}],"wp:featuredmedia":[{"embeddable":true,"href":"https:\/\/christliche-mitte.de\/index.php\/wp-json\/wp\/v2\/media\/6378"}],"wp:attachment":[{"href":"https:\/\/christliche-mitte.de\/index.php\/wp-json\/wp\/v2\/media?parent=6391"}],"wp:term":[{"taxonomy":"product_brand","embeddable":true,"href":"https:\/\/christliche-mitte.de\/index.php\/wp-json\/wp\/v2\/product_brand?post=6391"},{"taxonomy":"product_cat","embeddable":true,"href":"https:\/\/christliche-mitte.de\/index.php\/wp-json\/wp\/v2\/product_cat?post=6391"},{"taxonomy":"product_tag","embeddable":true,"href":"https:\/\/christliche-mitte.de\/index.php\/wp-json\/wp\/v2\/product_tag?post=6391"}],"curies":[{"name":"wp","href":"https:\/\/api.w.org\/{rel}","templated":true}]}}