{"id":6383,"date":"2022-04-27T20:08:27","date_gmt":"2022-04-27T18:08:27","guid":{"rendered":"https:\/\/christliche-mitte.de\/?post_type=product&#038;p=6383"},"modified":"2022-11-19T15:55:10","modified_gmt":"2022-11-19T13:55:10","slug":"die-100-wichtigsten-worte-jesu","status":"publish","type":"product","link":"https:\/\/christliche-mitte.de\/index.php\/produkt\/die-100-wichtigsten-worte-jesu\/","title":{"rendered":"Die geistgelenkte Hand greift nach der Erde"},"content":{"rendered":"<p>\u00dcber die technologischen Ma\u00dflosigkeiten unserer Zeit &#8211; Ihre Ursachen, Konsequenzen und ihre \u00dcberwindung<\/p>\n<p>Autor: Max Th\u00fcrkauf<\/p>\n<p>Christiana<\/p>\n","protected":false},"excerpt":{"rendered":"<p>\u00dcber die technologischen Ma\u00dflosigkeiten unserer Zeit &#8211; Ihre Ursachen, Konsequenzen und ihre \u00dcberwindung Autor: Max Th\u00fcrkauf Christiana<\/p>\n","protected":false},"featured_media":6370,"template":"","meta":[],"product_brand":[],"product_cat":[376],"product_tag":[],"class_list":{"0":"post-6383","1":"product","2":"type-product","3":"status-publish","4":"has-post-thumbnail","6":"product_cat-antiquariat","7":"entry","9":"first","10":"outofstock","11":"shipping-taxable","12":"purchasable","13":"product-type-simple","14":"berocket_lgv_grid","15":"berocket_lgv_list_grid"},"_links":{"self":[{"href":"https:\/\/christliche-mitte.de\/index.php\/wp-json\/wp\/v2\/product\/6383","targetHints":{"allow":["GET"]}}],"collection":[{"href":"https:\/\/christliche-mitte.de\/index.php\/wp-json\/wp\/v2\/product"}],"about":[{"href":"https:\/\/christliche-mitte.de\/index.php\/wp-json\/wp\/v2\/types\/product"}],"wp:featuredmedia":[{"embeddable":true,"href":"https:\/\/christliche-mitte.de\/index.php\/wp-json\/wp\/v2\/media\/6370"}],"wp:attachment":[{"href":"https:\/\/christliche-mitte.de\/index.php\/wp-json\/wp\/v2\/media?parent=6383"}],"wp:term":[{"taxonomy":"product_brand","embeddable":true,"href":"https:\/\/christliche-mitte.de\/index.php\/wp-json\/wp\/v2\/product_brand?post=6383"},{"taxonomy":"product_cat","embeddable":true,"href":"https:\/\/christliche-mitte.de\/index.php\/wp-json\/wp\/v2\/product_cat?post=6383"},{"taxonomy":"product_tag","embeddable":true,"href":"https:\/\/christliche-mitte.de\/index.php\/wp-json\/wp\/v2\/product_tag?post=6383"}],"curies":[{"name":"wp","href":"https:\/\/api.w.org\/{rel}","templated":true}]}}