{"id":5891,"date":"2021-11-22T18:07:35","date_gmt":"2021-11-22T16:07:35","guid":{"rendered":"https:\/\/christliche-mitte.de\/?post_type=product&#038;p=5891"},"modified":"2021-11-22T18:15:06","modified_gmt":"2021-11-22T16:15:06","slug":"die-gruene-apokalypse","status":"publish","type":"product","link":"https:\/\/christliche-mitte.de\/index.php\/produkt\/die-gruene-apokalypse\/","title":{"rendered":"Die gr\u00fcne Apokalypse"},"content":{"rendered":"<p>Gefahr f\u00fcr Deutschland durch die gr\u00fcnen Polit-Amateure<\/p>\n<p>Autor: Peter Helmes<\/p>\n","protected":false},"excerpt":{"rendered":"<p>Gefahr f\u00fcr Deutschland durch die gr\u00fcnen Polit-Amateure Autor: Peter Helmes<\/p>\n","protected":false},"featured_media":5892,"template":"","meta":[],"product_brand":[],"product_cat":[403],"product_tag":[],"class_list":{"0":"post-5891","1":"product","2":"type-product","3":"status-publish","4":"has-post-thumbnail","6":"product_cat-politische-abhandlungen","7":"entry","9":"first","10":"instock","11":"shipping-taxable","12":"purchasable","13":"product-type-simple","14":"berocket_lgv_grid","15":"berocket_lgv_list_grid"},"_links":{"self":[{"href":"https:\/\/christliche-mitte.de\/index.php\/wp-json\/wp\/v2\/product\/5891","targetHints":{"allow":["GET"]}}],"collection":[{"href":"https:\/\/christliche-mitte.de\/index.php\/wp-json\/wp\/v2\/product"}],"about":[{"href":"https:\/\/christliche-mitte.de\/index.php\/wp-json\/wp\/v2\/types\/product"}],"wp:featuredmedia":[{"embeddable":true,"href":"https:\/\/christliche-mitte.de\/index.php\/wp-json\/wp\/v2\/media\/5892"}],"wp:attachment":[{"href":"https:\/\/christliche-mitte.de\/index.php\/wp-json\/wp\/v2\/media?parent=5891"}],"wp:term":[{"taxonomy":"product_brand","embeddable":true,"href":"https:\/\/christliche-mitte.de\/index.php\/wp-json\/wp\/v2\/product_brand?post=5891"},{"taxonomy":"product_cat","embeddable":true,"href":"https:\/\/christliche-mitte.de\/index.php\/wp-json\/wp\/v2\/product_cat?post=5891"},{"taxonomy":"product_tag","embeddable":true,"href":"https:\/\/christliche-mitte.de\/index.php\/wp-json\/wp\/v2\/product_tag?post=5891"}],"curies":[{"name":"wp","href":"https:\/\/api.w.org\/{rel}","templated":true}]}}