{"id":5644,"date":"2021-08-31T19:51:52","date_gmt":"2021-08-31T17:51:52","guid":{"rendered":"https:\/\/christliche-mitte.de\/?post_type=product&#038;p=5644"},"modified":"2021-11-20T16:53:08","modified_gmt":"2021-11-20T14:53:08","slug":"unsere-neue-unmuendigkeit","status":"publish","type":"product","link":"https:\/\/christliche-mitte.de\/index.php\/produkt\/unsere-neue-unmuendigkeit\/","title":{"rendered":"Unsere neue Unm\u00fcndigkeit"},"content":{"rendered":"<p>Gleichgeschaltete B\u00fcrger zwischen Konformit\u00e4tslust und -druck<\/p>\n<p>Autor: Klaus Kunze<\/p>\n","protected":false},"excerpt":{"rendered":"<p>Gleichgeschaltete B\u00fcrger zwischen Konformit\u00e4tslust und -druck Autor: Klaus Kunze<\/p>\n","protected":false},"featured_media":5643,"template":"","meta":[],"product_brand":[],"product_cat":[403],"product_tag":[],"class_list":{"0":"post-5644","1":"product","2":"type-product","3":"status-publish","4":"has-post-thumbnail","6":"product_cat-politische-abhandlungen","7":"entry","9":"first","10":"instock","11":"sold-individually","12":"shipping-taxable","13":"purchasable","14":"product-type-simple","15":"berocket_lgv_grid","16":"berocket_lgv_list_grid"},"_links":{"self":[{"href":"https:\/\/christliche-mitte.de\/index.php\/wp-json\/wp\/v2\/product\/5644","targetHints":{"allow":["GET"]}}],"collection":[{"href":"https:\/\/christliche-mitte.de\/index.php\/wp-json\/wp\/v2\/product"}],"about":[{"href":"https:\/\/christliche-mitte.de\/index.php\/wp-json\/wp\/v2\/types\/product"}],"wp:featuredmedia":[{"embeddable":true,"href":"https:\/\/christliche-mitte.de\/index.php\/wp-json\/wp\/v2\/media\/5643"}],"wp:attachment":[{"href":"https:\/\/christliche-mitte.de\/index.php\/wp-json\/wp\/v2\/media?parent=5644"}],"wp:term":[{"taxonomy":"product_brand","embeddable":true,"href":"https:\/\/christliche-mitte.de\/index.php\/wp-json\/wp\/v2\/product_brand?post=5644"},{"taxonomy":"product_cat","embeddable":true,"href":"https:\/\/christliche-mitte.de\/index.php\/wp-json\/wp\/v2\/product_cat?post=5644"},{"taxonomy":"product_tag","embeddable":true,"href":"https:\/\/christliche-mitte.de\/index.php\/wp-json\/wp\/v2\/product_tag?post=5644"}],"curies":[{"name":"wp","href":"https:\/\/api.w.org\/{rel}","templated":true}]}}