{"id":5012,"date":"2021-02-18T20:48:25","date_gmt":"2021-02-18T18:48:25","guid":{"rendered":"https:\/\/christliche-mitte.de\/?post_type=product&#038;p=5012"},"modified":"2021-02-18T20:49:30","modified_gmt":"2021-02-18T18:49:30","slug":"postkarte-lasst-fallen-falsche-sorgen","status":"publish","type":"product","link":"https:\/\/christliche-mitte.de\/index.php\/produkt\/postkarte-lasst-fallen-falsche-sorgen\/","title":{"rendered":"Postkarte &#8222;Lasst fallen falsche Sorgen&#8220;"},"content":{"rendered":"<p>Lasst fallen falsche Sorgen,<\/p>\n<p>Du bist geliebt, geborgen<\/p>\n<p>in GOTTES gro\u00dfem Scho\u00df:<\/p>\n<p>ER l\u00e4sst dich niemals los.<\/p>\n","protected":false},"excerpt":{"rendered":"<p>Lasst fallen falsche Sorgen, Du bist geliebt, geborgen in GOTTES gro\u00dfem Scho\u00df: ER l\u00e4sst dich niemals los.<\/p>\n","protected":false},"featured_media":5013,"template":"","meta":[],"product_brand":[],"product_cat":[142],"product_tag":[],"class_list":{"0":"post-5012","1":"product","2":"type-product","3":"status-publish","4":"has-post-thumbnail","6":"product_cat-rosenkranz-und-kreuze","7":"entry","9":"first","10":"instock","11":"shipping-taxable","12":"purchasable","13":"product-type-simple","14":"berocket_lgv_grid","15":"berocket_lgv_list_grid"},"_links":{"self":[{"href":"https:\/\/christliche-mitte.de\/index.php\/wp-json\/wp\/v2\/product\/5012","targetHints":{"allow":["GET"]}}],"collection":[{"href":"https:\/\/christliche-mitte.de\/index.php\/wp-json\/wp\/v2\/product"}],"about":[{"href":"https:\/\/christliche-mitte.de\/index.php\/wp-json\/wp\/v2\/types\/product"}],"wp:featuredmedia":[{"embeddable":true,"href":"https:\/\/christliche-mitte.de\/index.php\/wp-json\/wp\/v2\/media\/5013"}],"wp:attachment":[{"href":"https:\/\/christliche-mitte.de\/index.php\/wp-json\/wp\/v2\/media?parent=5012"}],"wp:term":[{"taxonomy":"product_brand","embeddable":true,"href":"https:\/\/christliche-mitte.de\/index.php\/wp-json\/wp\/v2\/product_brand?post=5012"},{"taxonomy":"product_cat","embeddable":true,"href":"https:\/\/christliche-mitte.de\/index.php\/wp-json\/wp\/v2\/product_cat?post=5012"},{"taxonomy":"product_tag","embeddable":true,"href":"https:\/\/christliche-mitte.de\/index.php\/wp-json\/wp\/v2\/product_tag?post=5012"}],"curies":[{"name":"wp","href":"https:\/\/api.w.org\/{rel}","templated":true}]}}