{"id":2070,"date":"2018-12-07T22:25:25","date_gmt":"2018-12-07T20:25:25","guid":{"rendered":"https:\/\/christliche-mitte.de\/?post_type=product&#038;p=2070"},"modified":"2022-09-16T12:30:26","modified_gmt":"2022-09-16T10:30:26","slug":"wunder-heute-gott-ist-das","status":"publish","type":"product","link":"https:\/\/christliche-mitte.de\/index.php\/produkt\/wunder-heute-gott-ist-das\/","title":{"rendered":"Wunder heute &#8211; Gott ist da"},"content":{"rendered":"<p>von Pfarrer Winfried Pietrek und Schwester Maria Anja Henkel<\/p>\n<p>STAUNEN LERNEN<\/p>\n<p>Wunder &#8211; das Durchbrechen der Naturgesetze &#8211; existieren h\u00e4ujfiger, als wir ahnen. Denn GOTT schweigt nicht. Gro\u00dfe und kleine Wunder, spektakul\u00e4re Ereignisse im Laufe der Weltgeschichte und wunderbare pers\u00f6nliche Erlebnisse haben wir in diesem B\u00fcchlein zusammengetragen.<br \/>\nKurzweilig erz\u00e4hlt, laden sie auch den kritischen Leser ein, vor den Wundern GOTTES zu staunen.<\/p>\n<p>&nbsp;<\/p>\n","protected":false},"excerpt":{"rendered":"<p>von Pfarrer Winfried Pietrek und Schwester Maria Anja Henkel STAUNEN LERNEN Wunder &#8211; das Durchbrechen der Naturgesetze &#8211; existieren h\u00e4ujfiger, als wir ahnen. Denn GOTT schweigt nicht. Gro\u00dfe und kleine Wunder, spektakul\u00e4re Ereignisse im Laufe der Weltgeschichte und wunderbare pers\u00f6nliche Erlebnisse haben wir in diesem B\u00fcchlein zusammengetragen. Kurzweilig erz\u00e4hlt, laden sie auch den kritischen Leser&hellip;<\/p>\n","protected":false},"featured_media":2051,"template":"","meta":[],"product_brand":[],"product_cat":[126,377],"product_tag":[],"class_list":{"0":"post-2070","1":"product","2":"type-product","3":"status-publish","4":"has-post-thumbnail","6":"product_cat-glaube-an-jesus-christus","7":"product_cat-cm-publikationen","8":"entry","10":"first","11":"instock","12":"shipping-taxable","13":"purchasable","14":"product-type-simple","15":"berocket_lgv_grid","16":"berocket_lgv_list_grid"},"_links":{"self":[{"href":"https:\/\/christliche-mitte.de\/index.php\/wp-json\/wp\/v2\/product\/2070","targetHints":{"allow":["GET"]}}],"collection":[{"href":"https:\/\/christliche-mitte.de\/index.php\/wp-json\/wp\/v2\/product"}],"about":[{"href":"https:\/\/christliche-mitte.de\/index.php\/wp-json\/wp\/v2\/types\/product"}],"wp:featuredmedia":[{"embeddable":true,"href":"https:\/\/christliche-mitte.de\/index.php\/wp-json\/wp\/v2\/media\/2051"}],"wp:attachment":[{"href":"https:\/\/christliche-mitte.de\/index.php\/wp-json\/wp\/v2\/media?parent=2070"}],"wp:term":[{"taxonomy":"product_brand","embeddable":true,"href":"https:\/\/christliche-mitte.de\/index.php\/wp-json\/wp\/v2\/product_brand?post=2070"},{"taxonomy":"product_cat","embeddable":true,"href":"https:\/\/christliche-mitte.de\/index.php\/wp-json\/wp\/v2\/product_cat?post=2070"},{"taxonomy":"product_tag","embeddable":true,"href":"https:\/\/christliche-mitte.de\/index.php\/wp-json\/wp\/v2\/product_tag?post=2070"}],"curies":[{"name":"wp","href":"https:\/\/api.w.org\/{rel}","templated":true}]}}