{"id":2067,"date":"2018-12-07T22:12:02","date_gmt":"2018-12-07T20:12:02","guid":{"rendered":"https:\/\/christliche-mitte.de\/?post_type=product&#038;p=2067"},"modified":"2022-09-16T12:38:37","modified_gmt":"2022-09-16T10:38:37","slug":"falschmuenzer-des-glaubens","status":"publish","type":"product","link":"https:\/\/christliche-mitte.de\/index.php\/produkt\/falschmuenzer-des-glaubens\/","title":{"rendered":"Falschm\u00fcnzer des Glaubens"},"content":{"rendered":"<p>Falschm\u00fcnzer des Glaubens &#8211; Wie der Glaube durch falsche Glaubensbegriffe zerst\u00f6rt wird.<br \/>\nvon Werner J. Mertensacker\u00a0 Erschienen: 2018 \/ 90 S.<\/p>\n<p>Aus dem Inhalt:<\/p>\n<ol>\n<li>Der Glaube ist keine Religion<\/li>\n<li>Der Glaube ist keine Moral<\/li>\n<li>\u00a0Der Glaube ist kein Gef\u00fchl<\/li>\n<li>Der Glaube ist keine Lebenshilfe<\/li>\n<li>Der Glaube ist kein Bed\u00fcrfnis<\/li>\n<li>Der Glaube ist keine Begabung<\/li>\n<li>Der Glaube ist keine Dichtung<\/li>\n<li>Der Glaube ist keine soziale Dienstleistung<\/li>\n<li>Der Glaube ist keie Wahrscheinlichkeit<\/li>\n<li>Der Glaube ist kein Wagnis<\/li>\n<\/ol>\n","protected":false},"excerpt":{"rendered":"<p>Falschm\u00fcnzer des Glaubens &#8211; Wie der Glaube durch falsche Glaubensbegriffe zerst\u00f6rt wird. von Werner J. Mertensacker\u00a0 Erschienen: 2018 \/ 90 S. Aus dem Inhalt: Der Glaube ist keine Religion Der Glaube ist keine Moral \u00a0Der Glaube ist kein Gef\u00fchl Der Glaube ist keine Lebenshilfe Der Glaube ist kein Bed\u00fcrfnis Der Glaube ist keine Begabung Der&hellip;<\/p>\n","protected":false},"featured_media":2069,"template":"","meta":[],"product_brand":[],"product_cat":[377,396],"product_tag":[],"class_list":{"0":"post-2067","1":"product","2":"type-product","3":"status-publish","4":"has-post-thumbnail","6":"product_cat-cm-publikationen","7":"product_cat-kirchen-krise","8":"entry","10":"first","11":"instock","12":"shipping-taxable","13":"purchasable","14":"product-type-simple","15":"berocket_lgv_grid","16":"berocket_lgv_list_grid"},"_links":{"self":[{"href":"https:\/\/christliche-mitte.de\/index.php\/wp-json\/wp\/v2\/product\/2067","targetHints":{"allow":["GET"]}}],"collection":[{"href":"https:\/\/christliche-mitte.de\/index.php\/wp-json\/wp\/v2\/product"}],"about":[{"href":"https:\/\/christliche-mitte.de\/index.php\/wp-json\/wp\/v2\/types\/product"}],"wp:featuredmedia":[{"embeddable":true,"href":"https:\/\/christliche-mitte.de\/index.php\/wp-json\/wp\/v2\/media\/2069"}],"wp:attachment":[{"href":"https:\/\/christliche-mitte.de\/index.php\/wp-json\/wp\/v2\/media?parent=2067"}],"wp:term":[{"taxonomy":"product_brand","embeddable":true,"href":"https:\/\/christliche-mitte.de\/index.php\/wp-json\/wp\/v2\/product_brand?post=2067"},{"taxonomy":"product_cat","embeddable":true,"href":"https:\/\/christliche-mitte.de\/index.php\/wp-json\/wp\/v2\/product_cat?post=2067"},{"taxonomy":"product_tag","embeddable":true,"href":"https:\/\/christliche-mitte.de\/index.php\/wp-json\/wp\/v2\/product_tag?post=2067"}],"curies":[{"name":"wp","href":"https:\/\/api.w.org\/{rel}","templated":true}]}}