{"id":1828,"date":"2018-10-04T21:30:38","date_gmt":"2018-10-04T19:30:38","guid":{"rendered":"https:\/\/christliche-mitte.de\/?post_type=product&#038;p=1828"},"modified":"2022-09-16T12:38:38","modified_gmt":"2022-09-16T10:38:38","slug":"vom-saulus-zum-paulus","status":"publish","type":"product","link":"https:\/\/christliche-mitte.de\/index.php\/produkt\/vom-saulus-zum-paulus\/","title":{"rendered":"Vom Saulus zum Paulus"},"content":{"rendered":"<p>Ein Tatsachenbericht<\/p>\n<p>Hier wird neue Begeisterung f\u00fcr Paulus geweckt, den gr\u00f6\u00dften Missionar aller Zeiten, geschildert mitten aus den Lebens-Abenteuern vor 2000 Jahren. Mitrei\u00dfend hin zu Christus (168 S.)<\/p>\n","protected":false},"excerpt":{"rendered":"<p>Ein Tatsachenbericht Hier wird neue Begeisterung f\u00fcr Paulus geweckt, den gr\u00f6\u00dften Missionar aller Zeiten, geschildert mitten aus den Lebens-Abenteuern vor 2000 Jahren. Mitrei\u00dfend hin zu Christus (168 S.)<\/p>\n","protected":false},"featured_media":1829,"template":"","meta":[],"product_brand":[],"product_cat":[126,377],"product_tag":[],"class_list":{"0":"post-1828","1":"product","2":"type-product","3":"status-publish","4":"has-post-thumbnail","6":"product_cat-glaube-an-jesus-christus","7":"product_cat-cm-publikationen","8":"entry","10":"first","11":"instock","12":"shipping-taxable","13":"purchasable","14":"product-type-simple","15":"berocket_lgv_grid","16":"berocket_lgv_list_grid"},"_links":{"self":[{"href":"https:\/\/christliche-mitte.de\/index.php\/wp-json\/wp\/v2\/product\/1828","targetHints":{"allow":["GET"]}}],"collection":[{"href":"https:\/\/christliche-mitte.de\/index.php\/wp-json\/wp\/v2\/product"}],"about":[{"href":"https:\/\/christliche-mitte.de\/index.php\/wp-json\/wp\/v2\/types\/product"}],"wp:featuredmedia":[{"embeddable":true,"href":"https:\/\/christliche-mitte.de\/index.php\/wp-json\/wp\/v2\/media\/1829"}],"wp:attachment":[{"href":"https:\/\/christliche-mitte.de\/index.php\/wp-json\/wp\/v2\/media?parent=1828"}],"wp:term":[{"taxonomy":"product_brand","embeddable":true,"href":"https:\/\/christliche-mitte.de\/index.php\/wp-json\/wp\/v2\/product_brand?post=1828"},{"taxonomy":"product_cat","embeddable":true,"href":"https:\/\/christliche-mitte.de\/index.php\/wp-json\/wp\/v2\/product_cat?post=1828"},{"taxonomy":"product_tag","embeddable":true,"href":"https:\/\/christliche-mitte.de\/index.php\/wp-json\/wp\/v2\/product_tag?post=1828"}],"curies":[{"name":"wp","href":"https:\/\/api.w.org\/{rel}","templated":true}]}}