{"id":1175,"date":"2018-04-08T15:54:45","date_gmt":"2018-04-08T13:54:45","guid":{"rendered":"https:\/\/christliche-mitte.de\/?post_type=product&#038;p=1175"},"modified":"2022-09-16T12:38:38","modified_gmt":"2022-09-16T10:38:38","slug":"die-unbesiegbare","status":"publish","type":"product","link":"https:\/\/christliche-mitte.de\/index.php\/produkt\/die-unbesiegbare\/","title":{"rendered":"Die Unbesiegbare &#8211; Abenteuer Kirchengeschichte"},"content":{"rendered":"<p><strong>Abenteuer Kirchengeschichte<\/strong><br \/>\nvon Pfr. Winfried Pietrek \/ Sr. Maria Anja Henkel<\/p>\n<p>Kaiser Konstantin siegt mit 40.000 Soldaten gegen die \u00dcbermacht von 100.000. Seie Soldaten tragen das CHRISRUS.Zeichen XP auf Helmen und Schildern.<br \/>\nKonstantin d. Gro\u00dfe schreibt seinen Sieg 312 n. Chr. CHRISTUS zu und beendet die Christenverfolgungen im R\u00f6mischen Reich. Der Siegeszug der Kirche in Europa beginnt.<\/p>\n","protected":false},"excerpt":{"rendered":"<p>Abenteuer Kirchengeschichte von Pfr. Winfried Pietrek \/ Sr. Maria Anja Henkel Kaiser Konstantin siegt mit 40.000 Soldaten gegen die \u00dcbermacht von 100.000. Seie Soldaten tragen das CHRISRUS.Zeichen XP auf Helmen und Schildern. Konstantin d. Gro\u00dfe schreibt seinen Sieg 312 n. Chr. CHRISTUS zu und beendet die Christenverfolgungen im R\u00f6mischen Reich. Der Siegeszug der Kirche in&hellip;<\/p>\n","protected":false},"featured_media":1439,"template":"","meta":[],"product_brand":[],"product_cat":[377,137],"product_tag":[],"class_list":{"0":"post-1175","1":"product","2":"type-product","3":"status-publish","4":"has-post-thumbnail","6":"product_cat-cm-publikationen","7":"product_cat-geschichte","8":"entry","10":"first","11":"instock","12":"shipping-taxable","13":"purchasable","14":"product-type-simple","15":"berocket_lgv_grid","16":"berocket_lgv_list_grid"},"_links":{"self":[{"href":"https:\/\/christliche-mitte.de\/index.php\/wp-json\/wp\/v2\/product\/1175","targetHints":{"allow":["GET"]}}],"collection":[{"href":"https:\/\/christliche-mitte.de\/index.php\/wp-json\/wp\/v2\/product"}],"about":[{"href":"https:\/\/christliche-mitte.de\/index.php\/wp-json\/wp\/v2\/types\/product"}],"wp:featuredmedia":[{"embeddable":true,"href":"https:\/\/christliche-mitte.de\/index.php\/wp-json\/wp\/v2\/media\/1439"}],"wp:attachment":[{"href":"https:\/\/christliche-mitte.de\/index.php\/wp-json\/wp\/v2\/media?parent=1175"}],"wp:term":[{"taxonomy":"product_brand","embeddable":true,"href":"https:\/\/christliche-mitte.de\/index.php\/wp-json\/wp\/v2\/product_brand?post=1175"},{"taxonomy":"product_cat","embeddable":true,"href":"https:\/\/christliche-mitte.de\/index.php\/wp-json\/wp\/v2\/product_cat?post=1175"},{"taxonomy":"product_tag","embeddable":true,"href":"https:\/\/christliche-mitte.de\/index.php\/wp-json\/wp\/v2\/product_tag?post=1175"}],"curies":[{"name":"wp","href":"https:\/\/api.w.org\/{rel}","templated":true}]}}