{"id":10503,"date":"2026-05-05T20:04:29","date_gmt":"2026-05-05T18:04:29","guid":{"rendered":"https:\/\/christliche-mitte.de\/?post_type=product&#038;p=10503"},"modified":"2026-05-05T20:06:00","modified_gmt":"2026-05-05T18:06:00","slug":"deutsche-katastrophen","status":"publish","type":"product","link":"https:\/\/christliche-mitte.de\/index.php\/produkt\/deutsche-katastrophen\/","title":{"rendered":"Deutsche Katastrophen"},"content":{"rendered":"<p>1914 bis 1918 und 1933 bis 1945 im Gro\u00dfen Spiel der M\u00e4chte<\/p>\n<p>Autor: Andreas von B\u00fclow<\/p>\n","protected":false},"excerpt":{"rendered":"<p>1914 bis 1918 und 1933 bis 1945 im Gro\u00dfen Spiel der M\u00e4chte Autor: Andreas von B\u00fclow<\/p>\n","protected":false},"featured_media":10504,"template":"","meta":[],"product_brand":[],"product_cat":[137],"product_tag":[],"class_list":{"0":"post-10503","1":"product","2":"type-product","3":"status-publish","4":"has-post-thumbnail","6":"product_cat-geschichte","7":"entry","9":"first","10":"instock","11":"shipping-taxable","12":"purchasable","13":"product-type-simple","14":"berocket_lgv_grid","15":"berocket_lgv_list_grid"},"_links":{"self":[{"href":"https:\/\/christliche-mitte.de\/index.php\/wp-json\/wp\/v2\/product\/10503","targetHints":{"allow":["GET"]}}],"collection":[{"href":"https:\/\/christliche-mitte.de\/index.php\/wp-json\/wp\/v2\/product"}],"about":[{"href":"https:\/\/christliche-mitte.de\/index.php\/wp-json\/wp\/v2\/types\/product"}],"wp:featuredmedia":[{"embeddable":true,"href":"https:\/\/christliche-mitte.de\/index.php\/wp-json\/wp\/v2\/media\/10504"}],"wp:attachment":[{"href":"https:\/\/christliche-mitte.de\/index.php\/wp-json\/wp\/v2\/media?parent=10503"}],"wp:term":[{"taxonomy":"product_brand","embeddable":true,"href":"https:\/\/christliche-mitte.de\/index.php\/wp-json\/wp\/v2\/product_brand?post=10503"},{"taxonomy":"product_cat","embeddable":true,"href":"https:\/\/christliche-mitte.de\/index.php\/wp-json\/wp\/v2\/product_cat?post=10503"},{"taxonomy":"product_tag","embeddable":true,"href":"https:\/\/christliche-mitte.de\/index.php\/wp-json\/wp\/v2\/product_tag?post=10503"}],"curies":[{"name":"wp","href":"https:\/\/api.w.org\/{rel}","templated":true}]}}