{"id":10381,"date":"2026-02-27T14:56:26","date_gmt":"2026-02-27T13:56:26","guid":{"rendered":"https:\/\/christliche-mitte.de\/?post_type=product&#038;p=10381"},"modified":"2026-02-27T15:00:19","modified_gmt":"2026-02-27T14:00:19","slug":"gott-ist-die-liebe","status":"publish","type":"product","link":"https:\/\/christliche-mitte.de\/index.php\/produkt\/gott-ist-die-liebe\/","title":{"rendered":"Gott ist die Liebe"},"content":{"rendered":"<p>Eine Publikation der Christlichen Mitte<\/p>\n<p>Die gr\u00f6\u00dfte Kunst des Lebens ist das Lieben. Denn nur die Liebe l\u00e4\u00dft uns in allen Herausforderungen des Lebens standhalten.<\/p>\n<p>Autoren: Pfr. Winfried Pietrek, Sr. M. Anja Henkel<\/p>\n","protected":false},"excerpt":{"rendered":"<p>Eine Publikation der Christlichen Mitte Die gr\u00f6\u00dfte Kunst des Lebens ist das Lieben. Denn nur die Liebe l\u00e4\u00dft uns in allen Herausforderungen des Lebens standhalten. Autoren: Pfr. Winfried Pietrek, Sr. M. Anja Henkel<\/p>\n","protected":false},"featured_media":10382,"template":"","meta":[],"product_brand":[],"product_cat":[126,377],"product_tag":[],"class_list":{"0":"post-10381","1":"product","2":"type-product","3":"status-publish","4":"has-post-thumbnail","6":"product_cat-glaube-an-jesus-christus","7":"product_cat-cm-publikationen","8":"entry","10":"first","11":"instock","12":"shipping-taxable","13":"purchasable","14":"product-type-simple","15":"berocket_lgv_grid","16":"berocket_lgv_list_grid"},"_links":{"self":[{"href":"https:\/\/christliche-mitte.de\/index.php\/wp-json\/wp\/v2\/product\/10381","targetHints":{"allow":["GET"]}}],"collection":[{"href":"https:\/\/christliche-mitte.de\/index.php\/wp-json\/wp\/v2\/product"}],"about":[{"href":"https:\/\/christliche-mitte.de\/index.php\/wp-json\/wp\/v2\/types\/product"}],"wp:featuredmedia":[{"embeddable":true,"href":"https:\/\/christliche-mitte.de\/index.php\/wp-json\/wp\/v2\/media\/10382"}],"wp:attachment":[{"href":"https:\/\/christliche-mitte.de\/index.php\/wp-json\/wp\/v2\/media?parent=10381"}],"wp:term":[{"taxonomy":"product_brand","embeddable":true,"href":"https:\/\/christliche-mitte.de\/index.php\/wp-json\/wp\/v2\/product_brand?post=10381"},{"taxonomy":"product_cat","embeddable":true,"href":"https:\/\/christliche-mitte.de\/index.php\/wp-json\/wp\/v2\/product_cat?post=10381"},{"taxonomy":"product_tag","embeddable":true,"href":"https:\/\/christliche-mitte.de\/index.php\/wp-json\/wp\/v2\/product_tag?post=10381"}],"curies":[{"name":"wp","href":"https:\/\/api.w.org\/{rel}","templated":true}]}}