{"id":10048,"date":"2025-06-14T22:37:52","date_gmt":"2025-06-14T20:37:52","guid":{"rendered":"https:\/\/christliche-mitte.de\/?post_type=product&#038;p=10048"},"modified":"2025-06-14T22:38:16","modified_gmt":"2025-06-14T20:38:16","slug":"deutsche-staedtesagen","status":"publish","type":"product","link":"https:\/\/christliche-mitte.de\/index.php\/produkt\/deutsche-staedtesagen\/","title":{"rendered":"Deutsche St\u00e4dtesagen"},"content":{"rendered":"<p>St\u00e4dte, Landschaften, D\u00f6rfer<\/p>\n","protected":false},"excerpt":{"rendered":"<p>St\u00e4dte, Landschaften, D\u00f6rfer<\/p>\n","protected":false},"featured_media":10044,"template":"","meta":[],"product_brand":[],"product_cat":[376,393],"product_tag":[],"class_list":{"0":"post-10048","1":"product","2":"type-product","3":"status-publish","4":"has-post-thumbnail","6":"product_cat-antiquariat","7":"product_cat-kinderbuecher","8":"entry","10":"first","11":"instock","12":"shipping-taxable","13":"purchasable","14":"product-type-simple","15":"berocket_lgv_grid","16":"berocket_lgv_list_grid"},"_links":{"self":[{"href":"https:\/\/christliche-mitte.de\/index.php\/wp-json\/wp\/v2\/product\/10048","targetHints":{"allow":["GET"]}}],"collection":[{"href":"https:\/\/christliche-mitte.de\/index.php\/wp-json\/wp\/v2\/product"}],"about":[{"href":"https:\/\/christliche-mitte.de\/index.php\/wp-json\/wp\/v2\/types\/product"}],"wp:featuredmedia":[{"embeddable":true,"href":"https:\/\/christliche-mitte.de\/index.php\/wp-json\/wp\/v2\/media\/10044"}],"wp:attachment":[{"href":"https:\/\/christliche-mitte.de\/index.php\/wp-json\/wp\/v2\/media?parent=10048"}],"wp:term":[{"taxonomy":"product_brand","embeddable":true,"href":"https:\/\/christliche-mitte.de\/index.php\/wp-json\/wp\/v2\/product_brand?post=10048"},{"taxonomy":"product_cat","embeddable":true,"href":"https:\/\/christliche-mitte.de\/index.php\/wp-json\/wp\/v2\/product_cat?post=10048"},{"taxonomy":"product_tag","embeddable":true,"href":"https:\/\/christliche-mitte.de\/index.php\/wp-json\/wp\/v2\/product_tag?post=10048"}],"curies":[{"name":"wp","href":"https:\/\/api.w.org\/{rel}","templated":true}]}}