{"id":10009,"date":"2025-06-14T21:48:32","date_gmt":"2025-06-14T19:48:32","guid":{"rendered":"https:\/\/christliche-mitte.de\/?post_type=product&#038;p=10009"},"modified":"2026-04-04T08:32:38","modified_gmt":"2026-04-04T06:32:38","slug":"das-impfbuch-fuer-alle","status":"publish","type":"product","link":"https:\/\/christliche-mitte.de\/index.php\/produkt\/das-impfbuch-fuer-alle\/","title":{"rendered":"Das Impfbuch f\u00fcr alle"},"content":{"rendered":"<p>Robert Koch Institut<\/p>\n<p>Bundeszentrale f\u00fcr gesundheitliche Aufkl\u00e4rung<\/p>\n<p>Mit Beitr\u00e4gen von Dr. med. Eckart von Hirschhausen<\/p>\n","protected":false},"excerpt":{"rendered":"<p>Robert Koch Institut Bundeszentrale f\u00fcr gesundheitliche Aufkl\u00e4rung Mit Beitr\u00e4gen von Dr. med. Eckart von Hirschhausen<\/p>\n","protected":false},"featured_media":10011,"template":"","meta":[],"product_brand":[],"product_cat":[376,394],"product_tag":[],"class_list":{"0":"post-10009","1":"product","2":"type-product","3":"status-publish","4":"has-post-thumbnail","6":"product_cat-antiquariat","7":"product_cat-lebenshilfen","8":"entry","10":"first","11":"outofstock","12":"shipping-taxable","13":"purchasable","14":"product-type-simple","15":"berocket_lgv_grid","16":"berocket_lgv_list_grid"},"_links":{"self":[{"href":"https:\/\/christliche-mitte.de\/index.php\/wp-json\/wp\/v2\/product\/10009","targetHints":{"allow":["GET"]}}],"collection":[{"href":"https:\/\/christliche-mitte.de\/index.php\/wp-json\/wp\/v2\/product"}],"about":[{"href":"https:\/\/christliche-mitte.de\/index.php\/wp-json\/wp\/v2\/types\/product"}],"wp:featuredmedia":[{"embeddable":true,"href":"https:\/\/christliche-mitte.de\/index.php\/wp-json\/wp\/v2\/media\/10011"}],"wp:attachment":[{"href":"https:\/\/christliche-mitte.de\/index.php\/wp-json\/wp\/v2\/media?parent=10009"}],"wp:term":[{"taxonomy":"product_brand","embeddable":true,"href":"https:\/\/christliche-mitte.de\/index.php\/wp-json\/wp\/v2\/product_brand?post=10009"},{"taxonomy":"product_cat","embeddable":true,"href":"https:\/\/christliche-mitte.de\/index.php\/wp-json\/wp\/v2\/product_cat?post=10009"},{"taxonomy":"product_tag","embeddable":true,"href":"https:\/\/christliche-mitte.de\/index.php\/wp-json\/wp\/v2\/product_tag?post=10009"}],"curies":[{"name":"wp","href":"https:\/\/api.w.org\/{rel}","templated":true}]}}