{"id":9196,"date":"2024-07-02T19:25:29","date_gmt":"2024-07-02T17:25:29","guid":{"rendered":"https:\/\/christliche-mitte.de\/?page_id=9196"},"modified":"2026-05-15T12:44:32","modified_gmt":"2026-05-15T10:44:32","slug":"einladungen-termine","status":"publish","type":"page","link":"https:\/\/christliche-mitte.de\/index.php\/einladungen-termine\/","title":{"rendered":"Hl. Messe"},"content":{"rendered":"\n<h1 class=\"wp-block-heading\">Heilige Messe<\/h1>\n\n\n\n<p>Wir listen hier Termine f\u00fcr wichtige Veranstaltungen sowe f\u00fcr die Hl. Messe (im \u00fcberlieferten Ritus) auf:<\/p>\n\n\n\n<p><\/p>\n\n\n\n<div class=\"wp-block-columns is-layout-flex wp-container-core-columns-is-layout-9d6595d7 wp-block-columns-is-layout-flex\">\n<div class=\"wp-block-column is-layout-flow wp-block-column-is-layout-flow\">\n<figure class=\"wp-block-image size-full is-resized\"><img loading=\"lazy\" decoding=\"async\" width=\"238\" height=\"147\" src=\"https:\/\/christliche-mitte.de\/wp-content\/uploads\/2019\/02\/100-hl-messe.jpg\" alt=\"\" class=\"wp-image-2507\" style=\"width:416px;height:auto\"\/><\/figure>\n<\/div>\n\n\n\n<div class=\"wp-block-column is-layout-flow wp-block-column-is-layout-flow\">\n<h2 class=\"wp-block-heading\" style=\"font-size:30px\">Paderborn &#8211; Dom<\/h2>\n\n\n\n<p>jeden Mittwoch: 18:30 Uhr<br><strong>Hl. Messe (Missa Tridentina)<\/strong><\/p>\n\n\n\n<p><em>Wegen gro\u00dfer Teilnehmerzahl wurde das hl. Me\u00dfopfer von der Krypta in den Dom selbst verlegt.<\/em><\/p>\n<\/div>\n<\/div>\n\n\n\n<hr class=\"wp-block-separator has-alpha-channel-opacity\"\/>\n\n\n\n<div class=\"wp-block-columns is-layout-flex wp-container-core-columns-is-layout-9d6595d7 wp-block-columns-is-layout-flex\">\n<div class=\"wp-block-column is-layout-flow wp-block-column-is-layout-flow\">\n<figure class=\"wp-block-image size-full\"><img loading=\"lazy\" decoding=\"async\" width=\"434\" height=\"316\" src=\"https:\/\/christliche-mitte.de\/wp-content\/uploads\/2023\/04\/Pfarrer-Winfried-Pietrek-sagt-Danke.jpg\" alt=\"\" class=\"wp-image-7577\" srcset=\"https:\/\/christliche-mitte.de\/wp-content\/uploads\/2023\/04\/Pfarrer-Winfried-Pietrek-sagt-Danke.jpg 434w, https:\/\/christliche-mitte.de\/wp-content\/uploads\/2023\/04\/Pfarrer-Winfried-Pietrek-sagt-Danke-300x218.jpg 300w\" sizes=\"auto, (max-width: 434px) 100vw, 434px\" \/><\/figure>\n<\/div>\n\n\n\n<div class=\"wp-block-column is-layout-flow wp-block-column-is-layout-flow\">\n<h2 class=\"wp-block-heading\" style=\"font-size:30px\">Pfr. Winfried Pietrek (92)<\/h2>\n\n\n\n<p>feiert bis zum heutigen Tag t\u00e4glich das hl. Me\u00dfopfer im klassischen r\u00f6mischen Ritus &#8211; privat &#8211; in unserer Hauskapelle. Ihre Anliegen sind &#8211; wenn Sie es m\u00f6chten &#8211; mit eingeschlossen.<\/p>\n<\/div>\n<\/div>\n\n\n\n<hr class=\"wp-block-separator has-alpha-channel-opacity\"\/>\n\n\n\n<div class=\"wp-block-columns is-layout-flex wp-container-core-columns-is-layout-9d6595d7 wp-block-columns-is-layout-flex\">\n<div class=\"wp-block-column is-layout-flow wp-block-column-is-layout-flow\">\n<p><\/p>\n\n\n\n<h2 class=\"wp-block-heading\" style=\"font-size:20px\">K-TV &#8211; Katholisches Fernsehen<\/h2>\n\n\n\n<p>Heilige Messe t\u00e4glich ab 19 Uhr live aus Gossau<\/p>\n<\/div>\n\n\n\n<div class=\"wp-block-column is-vertically-aligned-center is-layout-flow wp-block-column-is-layout-flow\"><div\n\t\t\t\n\t\t\tclass=\"so-widget-sow-button so-widget-sow-button-flat-595e577afe8c\"\n\t\t\t\n\t\t><div class=\"ow-button-base ow-button-align-center\"\n>\n\t\t\t<a\n\t\t\t\t\thref=\"https:\/\/www.k-tv.org\/live-stream\/\"\n\t\t\t\t\tclass=\"sowb-button ow-icon-placement-left ow-button-hover\" target=\"_blank\" rel=\"noopener noreferrer\" \t>\n\t\t<span>\n\t\t\t<span class=\"sow-icon-fontawesome sow-far\" data-sow-icon=\"&#xf14d;\"\n\t\tstyle=\"\" \n\t\taria-hidden=\"true\"><\/span>\n\t\t\tZu K-TV\t\t<\/span>\n\t\t\t<\/a>\n\t<\/div>\n<\/div><\/div>\n<\/div>\n\n\n\n<hr class=\"wp-block-separator has-alpha-channel-opacity\"\/>\n\n\n\n<div class=\"wp-block-columns is-layout-flex wp-container-core-columns-is-layout-9d6595d7 wp-block-columns-is-layout-flex\">\n<div class=\"wp-block-column is-layout-flow wp-block-column-is-layout-flow\">\n<p><\/p>\n\n\n\n<h2 class=\"wp-block-heading\" style=\"font-size:20px\">Priesterbruderschaft St. Petrus<\/h2>\n\n\n\n<p>Heilige Messen rund um die Uhr aus aller Welt<\/p>\n<\/div>\n\n\n\n<div class=\"wp-block-column is-vertically-aligned-center is-layout-flow wp-block-column-is-layout-flow\"><div\n\t\t\t\n\t\t\tclass=\"so-widget-sow-button so-widget-sow-button-flat-595e577afe8c\"\n\t\t\t\n\t\t><div class=\"ow-button-base ow-button-align-center\"\n>\n\t\t\t<a\n\t\t\t\t\thref=\"http:\/\/www.livemass.net\/\"\n\t\t\t\t\tclass=\"sowb-button ow-icon-placement-left ow-button-hover\" target=\"_blank\" rel=\"noopener noreferrer\" \t>\n\t\t<span>\n\t\t\t<span class=\"sow-icon-fontawesome sow-far\" data-sow-icon=\"&#xf14d;\"\n\t\tstyle=\"\" \n\t\taria-hidden=\"true\"><\/span>\n\t\t\tZur Petrusbruderschaft\t\t<\/span>\n\t\t\t<\/a>\n\t<\/div>\n<\/div><\/div>\n<\/div>\n","protected":false},"excerpt":{"rendered":"<p>Heilige Messe Wir listen hier Termine f\u00fcr wichtige Veranstaltungen sowe f\u00fcr die Hl. Messe (im \u00fcberlieferten Ritus) auf: Paderborn &#8211; Dom jeden Mittwoch: 18:30 UhrHl. Messe (Missa Tridentina) Wegen gro\u00dfer Teilnehmerzahl wurde das hl. Me\u00dfopfer von der Krypta in den Dom selbst verlegt. Pfr. Winfried Pietrek (92) feiert bis zum heutigen Tag t\u00e4glich das hl.&hellip;<\/p>\n","protected":false},"author":1,"featured_media":1651,"parent":0,"menu_order":0,"comment_status":"closed","ping_status":"closed","template":"","meta":{"footnotes":""},"class_list":["post-9196","page","type-page","status-publish","has-post-thumbnail","hentry","entry"],"_links":{"self":[{"href":"https:\/\/christliche-mitte.de\/index.php\/wp-json\/wp\/v2\/pages\/9196","targetHints":{"allow":["GET"]}}],"collection":[{"href":"https:\/\/christliche-mitte.de\/index.php\/wp-json\/wp\/v2\/pages"}],"about":[{"href":"https:\/\/christliche-mitte.de\/index.php\/wp-json\/wp\/v2\/types\/page"}],"author":[{"embeddable":true,"href":"https:\/\/christliche-mitte.de\/index.php\/wp-json\/wp\/v2\/users\/1"}],"replies":[{"embeddable":true,"href":"https:\/\/christliche-mitte.de\/index.php\/wp-json\/wp\/v2\/comments?post=9196"}],"version-history":[{"count":10,"href":"https:\/\/christliche-mitte.de\/index.php\/wp-json\/wp\/v2\/pages\/9196\/revisions"}],"predecessor-version":[{"id":10579,"href":"https:\/\/christliche-mitte.de\/index.php\/wp-json\/wp\/v2\/pages\/9196\/revisions\/10579"}],"wp:featuredmedia":[{"embeddable":true,"href":"https:\/\/christliche-mitte.de\/index.php\/wp-json\/wp\/v2\/media\/1651"}],"wp:attachment":[{"href":"https:\/\/christliche-mitte.de\/index.php\/wp-json\/wp\/v2\/media?parent=9196"}],"curies":[{"name":"wp","href":"https:\/\/api.w.org\/{rel}","templated":true}]}}