{"id":10350,"date":"2026-01-19T20:22:10","date_gmt":"2026-01-19T19:22:10","guid":{"rendered":"https:\/\/christliche-mitte.de\/?page_id=10350"},"modified":"2026-01-19T20:22:10","modified_gmt":"2026-01-19T19:22:10","slug":"ueber-uns","status":"publish","type":"page","link":"https:\/\/christliche-mitte.de\/index.php\/ueber-uns\/","title":{"rendered":"\u00dcber uns"},"content":{"rendered":"\n<h2 class=\"wp-block-heading\">Profil der Christlichen Mitte<\/h2>\n\n\n\n<p>Die Christliche Mitte ist ein gemeinn\u00fctziger Verein, der f\u00fcr ein christliches Deutschland eintritt. Seit 2016 leiten Schwester Maria Anja Henkel und Pfarrer Winfried Pietrek den Verein.<\/p>\n\n\n\n<h2 class=\"wp-block-heading\">T\u00e4tigkeit und Aktivit\u00e4t<\/h2>\n\n\n\n<p>Sr. M. Anja und Pfr. Pietrek schreiben B\u00fccher zur Verbreitung des tradierten katholischen Glaubens und geben eine Monats-Zeitung f\u00fcr Politik und Religion heraus, den \u201eKurier der Christlichen Mitte\u201c. \u00dcber die Homepage <a href=\"http:\/\/www.Christliche-Mitte.de\">www.Christliche-Mitte.de<\/a> k\u00f6nnen die B\u00fccher und Brosch\u00fcren sowie der Kurier bezogen werden.<\/p>\n\n\n\n<p>Neben dem Schriften-Apostolat organisiert die Christliche Mitte Lebensm\u00e4rsche gegen Abtreibung von Ungeborenen und jede Form von Euthanasie. Dies tut sie gemeinsam mit anderen Organisationen wie der TFP, die sich ebenfalls f\u00fcr Familie, Tradition und Privateigentum einsetzt.<\/p>\n\n\n\n<p>Als dritte Hauptaktivit\u00e4t der Christlichen Mitte gelten deren sozialen Hilfsprojekte in Indien und Sri Lanka und in Kriegsgebieten in Europa, wie z. B. in der Ukraine seit 2022. Durch Spendensammlungen hat die CM in Indien und Sri Lanka zahlreiche kleine H\u00e4user f\u00fcr die \u00c4rmsten der Armen gebaut, um den Menschen ein Dach \u00fcber dem Kopf zu geben. Aufgrund der pers\u00f6nlichen Kontakte nach Indien kommen alle Spenden dort 1:1 an. Neben dem Bau von kleinen H\u00e4uschen setzte die CM die Spenden f\u00fcr Lebensmittel-Lieferungen bei Flutkatastrophen und Hungersnot in Indien und Sri Lanka ein. Medikamente wurden f\u00fcr Kranke gekauft und verteilt. Auch baute die CM dort mehrere Lourdes-Grotten \u00fcber die ihr verbundenen Ordensgemeinschaften, so da\u00df die Marien-Verehrung gef\u00f6rdert wurde. Da die CM ein gemeinn\u00fctziger Verein ist, stellt sie an alle Spender Spendenquittungen aus, die es w\u00fcnschen.<\/p>\n\n\n\n<h2 class=\"wp-block-heading\">Religi\u00f6se Ausrichtung<\/h2>\n\n\n\n<p>Sowohl Sr. M. Anja Henkel als auch Pfr. Winfried Pietrek geh\u00f6ren der r\u00f6misch-katholischen Kirche an. Sr. Anja ist gottgeweihte Jungfrau (Virgo Consecrata), die sich nach Ihrer Weihe dem Rosarier-Orden anschlo\u00df (Rosarian Congregation). Pfr. Pietrek empfing die Priesterweihe 1958 durch den Bischof von Osnabr\u00fcck. Beide sind Anh\u00e4nger der katholischen Tradition mit der Feier der Missa Tridentina. Dies wird in ihren zahlreichen B\u00fcchern deutlich: z. B. in \u201eSternstunden des Glaubens\u201c, \u201eAbenteuer Kirchengeschichte\u201c, \u201eDer Mann, der die Welt verwandelt\u201c, \u201eMit den Heiligen durchs Jahr\u201c.<\/p>\n\n\n\n<p>Sr. Anja arbeitete nach dem ersten und zweiten Staatsexamen 15 Jahre als Gymnasiallehrerin und Studienr\u00e4tin, bevor sie in der CM christliche B\u00fccher ver\u00f6ffentlichte. Pfr. Pietrek wirkte vor seiner T\u00e4tigkeit in der Christlichen Mitte 10 Jahre als Gemeindepfarrer in Nord-Deutschland, dann mehrere Jahre als Missions-Priester in Peru, und schlie\u00dflich als Priester in der Redaktion der Lippst\u00e4dter Wochen-Zeitung \u201eNeue Bildpost\u201c. Die CM-B\u00fccher sind lebensnah geschrieben, theologisch fundiert und mit gro\u00dfer Lebenserfahrung angereichert.<\/p>\n\n\n\n<h2 class=\"wp-block-heading\">Gemeinn\u00fctzigkeit<\/h2>\n\n\n\n<p>Die CM nimmt in ihrer Monats-Zeitung \u201eKurier der Christlichen Mitte\u201c Stellung zu den aktuellen politischen Ereignissen. Sie beurteilt diese aus katholischer Sicht, auf der Grundlage des katholischen Katechismus von Petrus Canisius, Papst Pius X. und der Deutschen Bischofskonferenz von 1983. Die 10 Gebote Gottes h\u00e4lt die CM f\u00fcr die Grundlage eines gelungenen staatlichen Lebens. Sie ist \u00fcberzeugt, da\u00df sich eine Gesellschaft ohne Gebet und die Feier des hl. Me\u00dfopfers auf Dauer selbst ruiniert. Die CM-Lebensm\u00e4rsche in verschiedenen St\u00e4dten \u00fcbermitteln die Botschaft: Europa wird nur \u00fcberleben k\u00f6nnen, wenn es dem Morden an den Ungeborenen ein Ende macht und die Bibel wieder als Richtschnur f\u00fcr Politik und Privatleben anerkennt.<\/p>\n\n\n\n<p>Zu der Leserschaft der Zeitung und B\u00fccher geh\u00f6ren jedoch nicht nur Katholiken, sondern auch Protestanten und Christen anderer Konfessionen, die sich an der Heiligen Schrift orientieren. Der Name CHRISTLICHE MITTE zeigt an, da\u00df die Mitglieder des Vereins jeden Extremismus vermeiden, sowohl kirchlich als auch politisch. Wichtig ist f\u00fcr die Mitglieder der CM, da\u00df die mittelalterliche Tugend der M\u00e4\u00dfigkeit und Klugheit in allen Taten im Alltag gewahrt wird. Glauben und Vernunft sollen stets auf Gott und dessen Gebote ausgerichtet sein.<\/p>\n\n\n\n<h2 class=\"wp-block-heading\">Historie <\/h2>\n\n\n\n<p>Mit dem Tod von Frau Professor Adelgunde Mertensacker (+ 2013) endete auch die T\u00e4tigkeit der CM als politische Partei. Zu den Europawahlen trat die CM-Partei nicht mehr an und verlor ihren Parteien-Status. Daraufhin gr\u00fcndete sich die Christliche Mitte neu als Gemeinn\u00fctziger Verein. Heute gibt es die CM nur noch als Verein. Das Schriften-Apostolat und die T\u00e4tigkeit der CM wird heute ausschlie\u00dflich von Spenden getragen.<\/p>\n","protected":false},"excerpt":{"rendered":"<p>Profil der Christlichen Mitte Die Christliche Mitte ist ein gemeinn\u00fctziger Verein, der f\u00fcr ein christliches Deutschland eintritt. Seit 2016 leiten Schwester Maria Anja Henkel und Pfarrer Winfried Pietrek den Verein. T\u00e4tigkeit und Aktivit\u00e4t Sr. M. Anja und Pfr. Pietrek schreiben B\u00fccher zur Verbreitung des tradierten katholischen Glaubens und geben eine Monats-Zeitung f\u00fcr Politik und Religion&hellip;<\/p>\n","protected":false},"author":1,"featured_media":0,"parent":0,"menu_order":0,"comment_status":"closed","ping_status":"closed","template":"","meta":{"footnotes":""},"class_list":["post-10350","page","type-page","status-publish","hentry","no-post-thumbnail","entry"],"_links":{"self":[{"href":"https:\/\/christliche-mitte.de\/index.php\/wp-json\/wp\/v2\/pages\/10350","targetHints":{"allow":["GET"]}}],"collection":[{"href":"https:\/\/christliche-mitte.de\/index.php\/wp-json\/wp\/v2\/pages"}],"about":[{"href":"https:\/\/christliche-mitte.de\/index.php\/wp-json\/wp\/v2\/types\/page"}],"author":[{"embeddable":true,"href":"https:\/\/christliche-mitte.de\/index.php\/wp-json\/wp\/v2\/users\/1"}],"replies":[{"embeddable":true,"href":"https:\/\/christliche-mitte.de\/index.php\/wp-json\/wp\/v2\/comments?post=10350"}],"version-history":[{"count":1,"href":"https:\/\/christliche-mitte.de\/index.php\/wp-json\/wp\/v2\/pages\/10350\/revisions"}],"predecessor-version":[{"id":10351,"href":"https:\/\/christliche-mitte.de\/index.php\/wp-json\/wp\/v2\/pages\/10350\/revisions\/10351"}],"wp:attachment":[{"href":"https:\/\/christliche-mitte.de\/index.php\/wp-json\/wp\/v2\/media?parent=10350"}],"curies":[{"name":"wp","href":"https:\/\/api.w.org\/{rel}","templated":true}]}}